{"id":950,"date":"2007-11-25T16:56:50","date_gmt":"2007-11-25T15:56:50","guid":{"rendered":"http:\/\/www.jochenenglish.de\/?page_id=950"},"modified":"2024-09-27T15:56:06","modified_gmt":"2024-09-27T13:56:06","slug":"sport","status":"publish","type":"page","link":"https:\/\/jochenlueders.de\/?page_id=950","title":{"rendered":"Sport"},"content":{"rendered":"\n<p>Ver\u00adschie\u00adde\u00adne <em>Chal\u00adlenges<\/em> fin\u00addest du auf <a href=\"https:\/\/jochenlueders.de\/?page_id=15239\" data-type=\"page\" data-id=\"15239\">die\u00adser Sei\u00adte<\/a>. <\/p>\n\n\n\n<p><a href=\"https:\/\/www.jochenlueders.de\/?p=6292\">2 : 1<\/a> \u2026 ist in der Ober\u00adstu\u00adfe das Ver\u00adh\u00e4lt\u00adnis von Pra\u00adxis zu Theo\u00adrie bei der Bere\u00adchung der Sport\u00adno\u00adte. Wel\u00adche Aus\u00adwir\u00adkun\u00adgen hat die\u00adse Bestimmung?<\/p>\n\n\n\n<p><a href=\"https:\/\/www.jochenlueders.de\/?p=882\">Aero\u00adbic<\/a> ist aus vie\u00adlen Gr\u00fcn\u00adden ide\u00adal f\u00fcr die Schule.<\/p>\n\n\n\n<p><a href=\"https:\/\/www.jochenlueders.de\/?p=188\">Dis\u00adzi\u00adplin, Regeln und Stra\u00adfen<\/a> \u2013&nbsp;Als Sport\u00adleh\u00adrer habe ich oft einen ganz ande\u00adren Blick als die meis\u00adten ande\u00adren Kollegen.<\/p>\n\n\n\n<p><a href=\"https:\/\/www.jochenlueders.de\/misc\/fragebogen_sport.doc\">Fra\u00adge\u00adbo\u00adgen<\/a> um her\u00adaus\u00adzu\u00adfin\u00adden, was den Sch\u00fc\u00adlern Spa\u00df gemacht hat bzw. gefal\u00adlen&nbsp;w\u00fcrde.<\/p>\n\n\n\n<p><a href=\"https:\/\/jochenlueders.de\/?p=15438\" target=\"_blank\" rel=\"noreferrer noopener\">FuH\u00adoBa\u00adHa\u00adVo \u2013 Ball\u00adsport\u00adar\u00adten in der Schu\u00adle<\/a> \u2013 Fu\u00df\u00adball ist f\u00fcr mich das mit Abstand bes\u00adte \u201egro\u00ad\u00dfe\u201c (Hallen-)Ballspiel. Vol\u00adley\u00adball, zusam\u00admen mit Hand\u00adball, lan\u00addet auf dem letz\u00adten&nbsp;Platz.<\/p>\n\n\n\n<p><a rel=\"noreferrer noopener\" href=\"https:\/\/www.jochenlueders.de\/?p=14865\" target=\"_blank\">Jeru\u00ads\u00adale\u00adma Dance f\u00fcr Anf\u00e4n\u00adger<\/a> \u2013 Ein net\u00adter Line Dance, f\u00fcr Anf\u00e4n\u00adger vereinfacht.&nbsp;<\/p>\n\n\n\n<p><a href=\"https:\/\/www.jochenlueders.de\/?p=776\">Jon\u00adglie\u00adren<\/a> trai\u00adniert nicht nur die Koordination.<\/p>\n\n\n\n<p><a href=\"https:\/\/www.jochenlueders.de\/?p=9873\">Kas\u00adten, Bock und Bar\u00adren<\/a> \u2013 Schul\u00adsport soll\u00adte nicht weh tun und nie\u00admand dem\u00fctigen.<\/p>\n\n\n\n<p><a href=\"https:\/\/www.jochenlueders.de\/?p=921\">Kugel\u00adsto\u00ad\u00dfen<\/a> hat m.E. im Schul\u00adsport nichts zu suchen.<\/p>\n\n\n\n<p><a href=\"https:\/\/jochenlueders.de\/?p=15531\" target=\"_blank\" rel=\"noreferrer noopener\">M\u00e4d\u00adchen\u00adsport<\/a> \u2013 Was aus mei\u00adner Sicht falsch l\u00e4uft und was sich \u00e4ndern m\u00fcsste.<\/p>\n\n\n\n<p><a href=\"https:\/\/www.jochenlueders.de\/?p=12114\">Move Ya Arms<\/a>&nbsp;ist eine Koor\u00addi\u00adna\u00adti\u00adons\u00ad\u00fcbung f\u00fcr die&nbsp;Arme.<\/p>\n\n\n\n<p><a href=\"https:\/\/www.jochenlueders.de\/?p=7064\">M\u00fcnd\u00adli\u00adche Noten im Sport\u00adun\u00adter\u00adricht<\/a>, damit man nicht x\u2011mal das\u00adsel\u00adbe erkl\u00e4\u00adren&nbsp;muss.<\/p>\n\n\n\n<p><a href=\"https:\/\/www.jochenlueders.de\/?p=948\">Noten im Sport<\/a> \u2013 War\u00adum ich es f\u00fcr falsch hal\u00adte, wenn es im Sport nur noch gute Noten&nbsp;gibt.<\/p>\n\n\n\n<p><a href=\"https:\/\/jochenlueders.de\/?p=15330\" target=\"_blank\" rel=\"noreferrer noopener\">Pri\u00admal Move\u00adments<\/a> \u2013 Mal ande\u00adre Boden-Bewe\u00adgun\u00adgen als das \u00fcbli\u00adche \u00f6de&nbsp;Zeug.<\/p>\n\n\n\n<p><a href=\"https:\/\/www.jochenlueders.de\/?p=6322\">Refe\u00adra\u00adte im Sport\u00adun\u00adter\u00adricht<\/a> fin\u00adde ich f\u00fcrchterlich.<\/p>\n\n\n\n<p><a href=\"https:\/\/www.jochenlueders.de\/misc\/regeln.zip\">Regeln<\/a> (zip) \u2013 Hand\u00adouts mit den wich\u00adtigs\u00adten Regeln zu Bad\u00admin\u00adton, Bas\u00adket\u00adball, Fu\u00df\u00adball, Tisch\u00adten\u00adnis und Volleyball.<\/p>\n\n\n\n<p><a href=\"https:\/\/www.jochenlueders.de\/?p=3153\">R \u2019n\u2018 BB<\/a> \u2013 Bas\u00adket\u00adball mit&nbsp;Musik.<\/p>\n\n\n\n<p><a href=\"https:\/\/www.jochenlueders.de\/?p=944\">Rope Skip\u00adping<\/a> ist ide\u00adal f\u00fcr den Schulsport.<\/p>\n\n\n\n<p><a href=\"https:\/\/www.jochenlueders.de\/?p=10810\">Sch\u00fcber\u00adge\u00adwicht<\/a> \u2013 \u00dcber\u00adge\u00adwicht bei Sch\u00fc\u00adlern soll\u00adte man nicht ein\u00adfach ignorieren.<\/p>\n\n\n\n<p><a href=\"https:\/\/www.jochenlueders.de\/?p=945\">Schul\u00adSport\u00adAr\u00adten<\/a> \u2013 Wel\u00adche Sport\u00adar\u00adten sind f\u00fcr die Schu\u00adle geeignet?<\/p>\n\n\n\n<p><a href=\"https:\/\/www.jochenlueders.de\/?p=939\">SITZEN VERBOTEN<\/a> ist das Mot\u00adto mei\u00adnes Unterrichts.<\/p>\n\n\n\n<p><a href=\"https:\/\/www.jochenlueders.de\/?p=6736\">Sport und Spa\u00df<\/a> \u2013 Sport\u00adun\u00adter\u00adricht macht ziem\u00adlich oft kei\u00adnen&nbsp;Spa\u00df.<\/p>\n\n\n\n<p><a href=\"https:\/\/www.jochenlueders.de\/?p=7092\">Stu\u00adfen-Aero\u00adbic<\/a> kannst du viel\u00adleicht ganz ein\u00adfach am Sport\u00adplatz machen.<\/p>\n\n\n\n<p><a href=\"https:\/\/www.jochenlueders.de\/?p=5035\">Tech\u00adnikno\u00adten<\/a> gebe ich meis\u00adtens aus dem \u201elau\u00adfen\u00adden Betrieb\u201c heraus.<\/p>\n\n\n\n<p><a href=\"https:\/\/www.jochenlueders.de\/?p=3479\">Theo\u00adrie\u00adQuatsch\u00adTest<\/a> \u2013 Schluss mit die\u00adsen idio\u00adti\u00adschen Fra\u00adgen im Theorietest.<\/p>\n\n\n\n<p><a href=\"https:\/\/jochenlueders.de\/?p=12846\">Tooth\u00adbrushing Work\u00adout<\/a> \u2013 Wie man beim Z\u00e4h\u00adne\u00adput\u00adzen Koor\u00addi\u00adna\u00adti\u00adon, Kraft und Beweg\u00adlich\u00adkeit trai\u00adnie\u00adren&nbsp;kann.&nbsp;<\/p>\n\n\n\n<p><a href=\"https:\/\/www.jochenlueders.de\/?p=9662\">Try Again<\/a>&nbsp;\u2013 In bestimm\u00adten Dis\u00adzi\u00adpli\u00adnen k\u00f6n\u00adnen Sch\u00fc\u00adler sich das gan\u00adze Schul\u00adjahr \u00fcber verbessern.<\/p>\n\n\n\n<p><a href=\"https:\/\/www.jochenlueders.de\/?p=10865\">\u2026 und die Fla\u00adsche, die bist DU!<\/a> \u2013 Kaum etwas ist so dem\u00fc\u00adti\u00adgend, wie als Letz\u00adter gew\u00e4hlt zu werden.<\/p>\n\n\n\n<p><a href=\"https:\/\/www.jochenlueders.de\/?p=8183\">Varia\u00adtio motus delec\u00adtat<\/a> \u2013 Der Sport\u00adun\u00adter\u00adricht an der Schu\u00adle soll\u00adte nicht mehr als unbe\u00addingt not\u00adwen\u00addig ver\u00adein\u00adheit\u00adlicht werden.<\/p>\n\n\n\n<p><a href=\"https:\/\/www.jochenlueders.de\/?p=4546\">V\u00f6l\u00adker\u00adball<\/a> las\u00adse ich immer wie\u00adder ger\u00adne spie\u00adlen, aller\u00addings nach etwas ande\u00adren Regeln.&nbsp;<\/p>\n\n\n\n<p><a href=\"https:\/\/www.jochenlueders.de\/?p=618\">Weit\u00adsprung<\/a> mag ich nicht besonders.<\/p>\n\n\n\n<p><a href=\"https:\/\/www.jochenlueders.de\/?p=889\">Work\u00adout<\/a>, denn unse\u00adre Sch\u00fc\u00adler wer\u00adden immer schlapper.<\/p>\n","protected":false},"excerpt":{"rendered":"<p>Ver\u00adschie\u00adde\u00adne Chal\u00adlenges fin\u00addest du auf die\u00adser Sei\u00adte. 2 : 1 \u2026 ist in der Ober\u00adstu\u00adfe das Ver\u00adh\u00e4lt\u00adnis von Pra\u00adxis zu Theo\u00adrie bei der Bere\u00adchung der Sport\u00adno\u00adte. Wel\u00adche Aus\u00adwir\u00adkun\u00adgen hat die\u00adse Bestim\u00admung? Aero\u00adbic ist aus vie\u00adlen Gr\u00fcn\u00adden ide\u00adal f\u00fcr die Schu\u00adle. Dis\u00adzi\u00adplin, Regeln und Stra\u00adfen \u2013&nbsp;Als Sport\u00adleh\u00adrer habe ich oft einen ganz ande\u00adren Blick als&nbsp;die&nbsp;[\u2026]<\/p>\n","protected":false},"author":25,"featured_media":0,"parent":0,"menu_order":3,"comment_status":"closed","ping_status":"closed","template":"","meta":{"wp_typography_post_enhancements_disabled":false,"footnotes":""},"class_list":["post-950","page","type-page","status-publish","hentry"],"_links":{"self":[{"href":"https:\/\/jochenlueders.de\/index.php?rest_route=\/wp\/v2\/pages\/950","targetHints":{"allow":["GET"]}}],"collection":[{"href":"https:\/\/jochenlueders.de\/index.php?rest_route=\/wp\/v2\/pages"}],"about":[{"href":"https:\/\/jochenlueders.de\/index.php?rest_route=\/wp\/v2\/types\/page"}],"author":[{"embeddable":true,"href":"https:\/\/jochenlueders.de\/index.php?rest_route=\/wp\/v2\/users\/25"}],"replies":[{"embeddable":true,"href":"https:\/\/jochenlueders.de\/index.php?rest_route=%2Fwp%2Fv2%2Fcomments&post=950"}],"version-history":[{"count":86,"href":"https:\/\/jochenlueders.de\/index.php?rest_route=\/wp\/v2\/pages\/950\/revisions"}],"predecessor-version":[{"id":17179,"href":"https:\/\/jochenlueders.de\/index.php?rest_route=\/wp\/v2\/pages\/950\/revisions\/17179"}],"wp:attachment":[{"href":"https:\/\/jochenlueders.de\/index.php?rest_route=%2Fwp%2Fv2%2Fmedia&parent=950"}],"curies":[{"name":"wp","href":"https:\/\/api.w.org\/{rel}","templated":true}]}}