{"id":662,"date":"2007-06-12T17:51:14","date_gmt":"2007-06-12T16:51:14","guid":{"rendered":"http:\/\/www.jochenenglish.de\/?page_id=662"},"modified":"2024-03-03T16:03:44","modified_gmt":"2024-03-03T15:03:44","slug":"computer","status":"publish","type":"page","link":"https:\/\/jochenlueders.de\/?page_id=662","title":{"rendered":"Computer"},"content":{"rendered":"\n<h4 class=\"wp-block-heading\">Textverarbeitung<\/h4>\n\n\n\n<p>Alle fol\u00adgen\u00adden Anlei\u00adtun\u00adgen bezie\u00adhen auf das aus\u00adge\u00adzeich\u00adne\u00adte, kos\u00adten\u00adlo\u00adse Pro\u00adgramm <a href=\"https:\/\/de.libreoffice.org\/\" target=\"_blank\" rel=\"noreferrer noopener\">Libre\u00adOf\u00adfice<\/a> Writer.<\/p>\n\n\n\n<p><a rel=\"noreferrer noopener\" href=\"https:\/\/www.jochenlueders.de\/?p=406\" target=\"_blank\">Aus\u00adge\u00adblen\u00adde\u00adte Mus\u00adter\u00adl\u00f6\u00adsung<\/a>, damit die L\u00f6sung immer direkt bei der Auf\u00adga\u00adbe ist. F\u00fcr Word 2010 gibt es eine <a href=\"https:\/\/www.jochenlueders.de\/?p=406\">eige\u00adne Anlei\u00adtung<\/a>.<\/p>\n\n\n\n<p><a rel=\"noreferrer noopener\" href=\"https:\/\/jochenlueders.de\/?p=15156\" target=\"_blank\">For\u00admat\u00advor\u00adla\u00adgen in ande\u00adren Doku\u00admen\u00adten ver\u00adwen\u00adden<\/a> \u2013 Schlie\u00df\u00adlich will man sie nicht immer wie\u00adder neu erstellen.&nbsp;<\/p>\n\n\n\n<p><a href=\"https:\/\/www.jochenlueders.de\/misc\/layout.odt\">Lay\u00adout<\/a> (odt) \u2013 Mei\u00adne Vor\u00adga\u00adben f\u00fcr Tex\u00adte, die auf dem PC geschrie\u00adben wer\u00adden (f\u00fcr Wri\u00adter 7.0 und Word 2007 \/&nbsp;2010).<\/p>\n\n\n\n<p><a href=\"https:\/\/www.jochenlueders.de\/?p=100\">Lay\u00adout Pet Pee\u00adves<\/a> \u2013 Was ich lay\u00adout\u00adm\u00e4\u00ad\u00dfig \u00fcber\u00adhaupt nicht&nbsp;mag.<\/p>\n\n\n\n<p><a href=\"https:\/\/www.jochenlueders.de\/?p=14842\" target=\"_blank\" rel=\"noreferrer noopener\">Links\u00adb\u00fcn\u00addi\u00adge Num\u00adme\u00adrie\u00adrung<\/a> \u2013 Die stan\u00addard\u00adm\u00e4\u00ad\u00dfi\u00adge Ein\u00adr\u00fc\u00adckung von num\u00adme\u00adrier\u00adten Lis\u00adten gef\u00e4llt mir&nbsp;nicht.<\/p>\n\n\n\n<p><a href=\"https:\/\/www.jochenlueders.de\/misc\/seminararbeit_writer.zip\">Semi\u00adnar\u00adar\u00adbeit<\/a>&nbsp;(zip) ist eine Anlei\u00adtung f\u00fcr Libre\u00adOf\u00adfice Wri\u00adter (7.0) f\u00fcr eine Semi\u00adnar- \/ Fach\u00adar\u00adbeit. Anhand einer Mus\u00adter\u00adar\u00adbeit kann man alle For\u00adma\u00adtie\u00adrun\u00adgen nach\u00advoll\u00adzie\u00adhen bzw. her\u00adum\u00adpro\u00adbie\u00adren.&nbsp;Man kann die Anlei\u00adtung (und die Mus\u00adter\u00adar\u00adbeit) an die eige\u00adnen Vor\u00adstel\u00adlun\u00adgen bzw. Vor\u00adga\u00adben anpas\u00adsen. Sch\u00fcler*innen bit\u00adte immer BEIDE Datei\u00aden&nbsp;geben!<\/p>\n\n\n\n<p><a title=\"Word Processing\" href=\"https:\/\/www.jochenlueders.de\/wordpress\/?p=172\">Word Pro\u00adces\u00adsing<\/a> erl\u00e4u\u00adtert, wie ich Text\u00adver\u00adar\u00adbei\u00adtung in den Unter\u00adricht einbaue.<\/p>\n\n\n\n<h4 class=\"wp-block-heading\">Verschiedenes<\/h4>\n\n\n\n<p><a href=\"https:\/\/www.jochenlueders.de\/?p=139\">As You Type It<\/a> \u2013 Tip\u00adpen bzw. Tast\u00adschrei\u00adben wird bei uns lei\u00adder str\u00e4f\u00adlich ver\u00adnach\u00adl\u00e4s\u00adsigt. Wie k\u00f6nn\u00adte man Sch\u00fc\u00adler motivieren?<\/p>\n\n\n\n<p><a title=\"Backups\" href=\"https:\/\/www.jochenlueders.de\/?p=15\">Back\u00adups<\/a> \u2013 Thou shalt make regu\u00adlar backups.<\/p>\n\n\n\n<p><a href=\"https:\/\/www.jochenlueders.de\/?p=1031\">Files and Fol\u00adders<\/a> beschreibt mei\u00adne Datei- und Ordner-Systematik.<\/p>\n\n\n\n<p><a href=\"https:\/\/www.jochenlueders.de\/?p=8210\">mp3DirectCut<\/a> erm\u00f6g\u00adlicht ein\u00adfa\u00adches Aus- bzw. Zuschnei\u00adden von MP3 Datei\u00aden, z.B. f\u00fcr H\u00f6rverstehens\u00fcbungen.<\/p>\n\n\n\n<p><a href=\"https:\/\/www.jochenlueders.de\/?p=1444\">Noten ein\u00adtip\u00adpen<\/a> auf dem Ziffernblock.<\/p>\n\n\n\n<p><a href=\"https:\/\/www.jochenlueders.de\/misc\/presentations.doc\">Pre\u00adsen\u00adta\u00adti\u00adons<\/a> Do\u2019s and Dont\u2019s f\u00fcr Referate\/Pr\u00e4sentationen (auch mit Foli\u00aden und Power\u00adpoint), dazu pas\u00adsend ein <a href=\"https:\/\/www.jochenlueders.de\/misc\/presentations_checklist.doc\">Check\u00adlist and (Self-)Assessment-Sheet<\/a>.<\/p>\n\n\n\n<p><a href=\"https:\/\/www.jochenlueders.de\/?p=8714\">Stand\u00adbil\u00adder<\/a> sind f\u00fcr Film\u00adana\u00adly\u00adse-Klau\u00adsu\u00adren praktisch.<\/p>\n\n\n\n<p><a title=\"Tabellen\" href=\"https:\/\/www.jochenlueders.de\/wordpress\/?p=360\">Tabel\u00adlen<\/a> erleich\u00adtern die Bewer\u00adtung von Stegreifaufgaben\/Schulaufgaben und hel\u00adfen sog. \u201eKor\u00adrek\u00adtur\u00adf\u00e4l\u00adle\u201c zu vermeiden.<\/p>\n\n\n\n<p><a href=\"https:\/\/www.jochenlueders.de\/?p=8097\">View\u00adLear\u00adnCo\u00adpy<\/a>&nbsp;erkl\u00e4rt, wie man mit dem VLC Play\u00ader Pas\u00adsa\u00adgen (z.B. aus Sport- oder Tanz\u00advi\u00adde\u00ados) in belie\u00adbi\u00adger Geschwin\u00addig\u00adkeit anse\u00adhen kann, um sich Bewe\u00adgun\u00adgen abzu\u00adschau\u00aden und nachzumachen.<\/p>\n","protected":false},"excerpt":{"rendered":"<p>Text\u00adver\u00adar\u00adbei\u00adtung Alle fol\u00adgen\u00adden Anlei\u00adtun\u00adgen bezie\u00adhen auf das aus\u00adge\u00adzeich\u00adne\u00adte, kos\u00adten\u00adlo\u00adse Pro\u00adgramm Libre\u00adOf\u00adfice Wri\u00adter. Aus\u00adge\u00adblen\u00adde\u00adte Mus\u00adter\u00adl\u00f6\u00adsung, damit die L\u00f6sung immer direkt bei der Auf\u00adga\u00adbe ist. F\u00fcr Word 2010 gibt es eine eige\u00adne Anlei\u00adtung. For\u00admat\u00advor\u00adla\u00adgen in ande\u00adren Doku\u00admen\u00adten ver\u00adwen\u00adden \u2013 Schlie\u00df\u00adlich will man sie nicht immer wie\u00adder neu erstel\u00adlen.&nbsp; Lay\u00adout (odt) \u2013 Mei\u00adne Vor\u00adga\u00adben f\u00fcr Tex\u00adte, die&nbsp;auf&nbsp;[\u2026]<\/p>\n","protected":false},"author":25,"featured_media":0,"parent":1153,"menu_order":2,"comment_status":"closed","ping_status":"closed","template":"","meta":{"wp_typography_post_enhancements_disabled":false,"footnotes":""},"class_list":["post-662","page","type-page","status-publish","hentry"],"_links":{"self":[{"href":"https:\/\/jochenlueders.de\/index.php?rest_route=\/wp\/v2\/pages\/662","targetHints":{"allow":["GET"]}}],"collection":[{"href":"https:\/\/jochenlueders.de\/index.php?rest_route=\/wp\/v2\/pages"}],"about":[{"href":"https:\/\/jochenlueders.de\/index.php?rest_route=\/wp\/v2\/types\/page"}],"author":[{"embeddable":true,"href":"https:\/\/jochenlueders.de\/index.php?rest_route=\/wp\/v2\/users\/25"}],"replies":[{"embeddable":true,"href":"https:\/\/jochenlueders.de\/index.php?rest_route=%2Fwp%2Fv2%2Fcomments&post=662"}],"version-history":[{"count":76,"href":"https:\/\/jochenlueders.de\/index.php?rest_route=\/wp\/v2\/pages\/662\/revisions"}],"predecessor-version":[{"id":16639,"href":"https:\/\/jochenlueders.de\/index.php?rest_route=\/wp\/v2\/pages\/662\/revisions\/16639"}],"up":[{"embeddable":true,"href":"https:\/\/jochenlueders.de\/index.php?rest_route=\/wp\/v2\/pages\/1153"}],"wp:attachment":[{"href":"https:\/\/jochenlueders.de\/index.php?rest_route=%2Fwp%2Fv2%2Fmedia&parent=662"}],"curies":[{"name":"wp","href":"https:\/\/api.w.org\/{rel}","templated":true}]}}